{"id":166,"date":"2021-04-19T21:56:53","date_gmt":"2021-04-19T19:56:53","guid":{"rendered":"http:\/\/geschichtswerkstatt.geeez.de\/?page_id=166"},"modified":"2021-04-19T21:56:54","modified_gmt":"2021-04-19T19:56:54","slug":"32-lebensbilder-aus-der-zeit-von-1914-bis-heute","status":"publish","type":"page","link":"https:\/\/geschichtswerkstatt-mergentheim.de\/?page_id=166","title":{"rendered":"32 Lebensbilder aus der Zeit von 1914 bis heute"},"content":{"rendered":"\n<p>Der neue Band mit Biografien aus der Zeit von 1914 bis heute konnte nat\u00fcrlich nicht an bekannten Pers\u00f6nlichkeiten wie Elmar Mauch, Hugo Patzner und Johann Hammer vor\u00fcbergehen. Aber auch die Zeit zwischen 1933 und 1945 wurde nicht ausgespart.<\/p>\n\n\n\n<p>Diesem Band folgt noch ein weiterer aus der gleichen Zeit, da es noch viele interessante Personen gab, die es zu w\u00fcrdigen gilt. <\/p>\n","protected":false},"excerpt":{"rendered":"<p>Der neue Band mit Biografien aus der Zeit von 1914 bis heute konnte nat\u00fcrlich nicht an bekannten Pers\u00f6nlichkeiten wie Elmar Mauch, Hugo Patzner und Johann Hammer vor\u00fcbergehen. Aber auch die Zeit zwischen 1933 und 1945 wurde nicht ausgespart. Diesem Band<\/p>\n","protected":false},"author":1,"featured_media":168,"parent":0,"menu_order":0,"comment_status":"closed","ping_status":"closed","template":"","meta":[],"_links":{"self":[{"href":"https:\/\/geschichtswerkstatt-mergentheim.de\/index.php?rest_route=\/wp\/v2\/pages\/166"}],"collection":[{"href":"https:\/\/geschichtswerkstatt-mergentheim.de\/index.php?rest_route=\/wp\/v2\/pages"}],"about":[{"href":"https:\/\/geschichtswerkstatt-mergentheim.de\/index.php?rest_route=\/wp\/v2\/types\/page"}],"author":[{"embeddable":true,"href":"https:\/\/geschichtswerkstatt-mergentheim.de\/index.php?rest_route=\/wp\/v2\/users\/1"}],"replies":[{"embeddable":true,"href":"https:\/\/geschichtswerkstatt-mergentheim.de\/index.php?rest_route=%2Fwp%2Fv2%2Fcomments&post=166"}],"version-history":[{"count":1,"href":"https:\/\/geschichtswerkstatt-mergentheim.de\/index.php?rest_route=\/wp\/v2\/pages\/166\/revisions"}],"predecessor-version":[{"id":169,"href":"https:\/\/geschichtswerkstatt-mergentheim.de\/index.php?rest_route=\/wp\/v2\/pages\/166\/revisions\/169"}],"wp:featuredmedia":[{"embeddable":true,"href":"https:\/\/geschichtswerkstatt-mergentheim.de\/index.php?rest_route=\/wp\/v2\/media\/168"}],"wp:attachment":[{"href":"https:\/\/geschichtswerkstatt-mergentheim.de\/index.php?rest_route=%2Fwp%2Fv2%2Fmedia&parent=166"}],"curies":[{"name":"wp","href":"https:\/\/api.w.org\/{rel}","templated":true}]}}