{"id":147,"date":"2021-04-19T21:42:17","date_gmt":"2021-04-19T19:42:17","guid":{"rendered":"http:\/\/geschichtswerkstatt.geeez.de\/?page_id=147"},"modified":"2021-04-19T21:42:17","modified_gmt":"2021-04-19T19:42:17","slug":"breitenbach-chronik-der-stadt-bad-mergentheim","status":"publish","type":"page","link":"https:\/\/geschichtswerkstatt-mergentheim.de\/?page_id=147","title":{"rendered":"Breitenbach \u2013 Chronik der Stadt Bad Mergentheim"},"content":{"rendered":"\n<p>In dieser Chronik werden wichtige Ereignisse aus der Geschichte der Stadt Mergentheim von den Anf\u00e4ngen bis zum Jahr 1809 in knapper Form aufgef\u00fchrt. Deshalb eignet sich dieses Buch als Lekt\u00fcre und Nachschlagewerk f\u00fcr alle Geschichtsinteressierte. Der Verein \u201eGeschichtswerkstatt Bad Mergentheim e. V.\u201c hat in m\u00fchevoller Kleinarbeit die handschriftliche Vorlage aus dem 19. Jahrhundert \u00fcbertragen und die heute nicht mehr gebr\u00e4uchlichen Begriffe erkl\u00e4rt. Illustriert wurde das Werk mit h\u00fcbschen Federzeichnungen von  Ludwig Ro\u00dfhirt und Georg Breitenbach.<\/p>\n","protected":false},"excerpt":{"rendered":"<p>In dieser Chronik werden wichtige Ereignisse aus der Geschichte der Stadt Mergentheim von den Anf\u00e4ngen bis zum Jahr 1809 in knapper Form aufgef\u00fchrt. Deshalb eignet sich dieses Buch als Lekt\u00fcre und Nachschlagewerk f\u00fcr alle Geschichtsinteressierte. Der Verein \u201eGeschichtswerkstatt Bad Mergentheim<\/p>\n","protected":false},"author":1,"featured_media":150,"parent":0,"menu_order":0,"comment_status":"closed","ping_status":"closed","template":"","meta":[],"_links":{"self":[{"href":"https:\/\/geschichtswerkstatt-mergentheim.de\/index.php?rest_route=\/wp\/v2\/pages\/147"}],"collection":[{"href":"https:\/\/geschichtswerkstatt-mergentheim.de\/index.php?rest_route=\/wp\/v2\/pages"}],"about":[{"href":"https:\/\/geschichtswerkstatt-mergentheim.de\/index.php?rest_route=\/wp\/v2\/types\/page"}],"author":[{"embeddable":true,"href":"https:\/\/geschichtswerkstatt-mergentheim.de\/index.php?rest_route=\/wp\/v2\/users\/1"}],"replies":[{"embeddable":true,"href":"https:\/\/geschichtswerkstatt-mergentheim.de\/index.php?rest_route=%2Fwp%2Fv2%2Fcomments&post=147"}],"version-history":[{"count":1,"href":"https:\/\/geschichtswerkstatt-mergentheim.de\/index.php?rest_route=\/wp\/v2\/pages\/147\/revisions"}],"predecessor-version":[{"id":151,"href":"https:\/\/geschichtswerkstatt-mergentheim.de\/index.php?rest_route=\/wp\/v2\/pages\/147\/revisions\/151"}],"wp:featuredmedia":[{"embeddable":true,"href":"https:\/\/geschichtswerkstatt-mergentheim.de\/index.php?rest_route=\/wp\/v2\/media\/150"}],"wp:attachment":[{"href":"https:\/\/geschichtswerkstatt-mergentheim.de\/index.php?rest_route=%2Fwp%2Fv2%2Fmedia&parent=147"}],"curies":[{"name":"wp","href":"https:\/\/api.w.org\/{rel}","templated":true}]}}