{"id":128,"date":"2021-04-19T21:02:48","date_gmt":"2021-04-19T19:02:48","guid":{"rendered":"http:\/\/geschichtswerkstatt.geeez.de\/?page_id=128"},"modified":"2021-04-19T21:36:12","modified_gmt":"2021-04-19T19:36:12","slug":"schwerpunkt-gesundheitswesen","status":"publish","type":"page","link":"https:\/\/geschichtswerkstatt-mergentheim.de\/?page_id=128","title":{"rendered":"Schwerpunkt Gesundheitswesen"},"content":{"rendered":"\n<p>Wie viele Brunnen gab es fr\u00fcher in Bad Mergentheim, das 1926 offiziell zur Badeanstalt wurde? Wie wurde der Aufenthalt in einem \u00f6ffentlichen Bad geregelt? Konnte man in Zeiten der Not von gebackenem Brot aus Mehl und gemahlenen Eicheln (\u00fcber)leben? Wo gibt es in unmittelbarer Umgebung der Stadt noch Denkm\u00e4ler zum Ersten Weltkrieg? Diese und andere Themen haben geschichtsbegeisterte B\u00fcrgerinnen und B\u00fcrger, die sich 2014 im Arbeitskreis &#8222;Geschichtswerkstatt Bad Mergentheim&#8220; zusammengeschlossen haben, in intensiver Archivarbeit recherchiert und in diesem Buch publiziert.<\/p>\n\n\n\n<p>Die kenntnisreichen Beitr\u00e4ge und zahlreiche Abbildungen erz\u00e4hlen ausf\u00fchrlich und packend die Entwicklung des Gesundheitswesens und andere Ereignisse der \u00fcber 950-j\u00e4hrigen Stadtgeschichte Bad Mergentheims.<\/p>\n","protected":false},"excerpt":{"rendered":"<p>Wie viele Brunnen gab es fr\u00fcher in Bad Mergentheim, das 1926 offiziell zur Badeanstalt wurde? Wie wurde der Aufenthalt in einem \u00f6ffentlichen Bad geregelt? Konnte man in Zeiten der Not von gebackenem Brot aus Mehl und gemahlenen Eicheln (\u00fcber)leben? Wo<\/p>\n","protected":false},"author":1,"featured_media":144,"parent":0,"menu_order":0,"comment_status":"closed","ping_status":"closed","template":"","meta":[],"_links":{"self":[{"href":"https:\/\/geschichtswerkstatt-mergentheim.de\/index.php?rest_route=\/wp\/v2\/pages\/128"}],"collection":[{"href":"https:\/\/geschichtswerkstatt-mergentheim.de\/index.php?rest_route=\/wp\/v2\/pages"}],"about":[{"href":"https:\/\/geschichtswerkstatt-mergentheim.de\/index.php?rest_route=\/wp\/v2\/types\/page"}],"author":[{"embeddable":true,"href":"https:\/\/geschichtswerkstatt-mergentheim.de\/index.php?rest_route=\/wp\/v2\/users\/1"}],"replies":[{"embeddable":true,"href":"https:\/\/geschichtswerkstatt-mergentheim.de\/index.php?rest_route=%2Fwp%2Fv2%2Fcomments&post=128"}],"version-history":[{"count":1,"href":"https:\/\/geschichtswerkstatt-mergentheim.de\/index.php?rest_route=\/wp\/v2\/pages\/128\/revisions"}],"predecessor-version":[{"id":129,"href":"https:\/\/geschichtswerkstatt-mergentheim.de\/index.php?rest_route=\/wp\/v2\/pages\/128\/revisions\/129"}],"wp:featuredmedia":[{"embeddable":true,"href":"https:\/\/geschichtswerkstatt-mergentheim.de\/index.php?rest_route=\/wp\/v2\/media\/144"}],"wp:attachment":[{"href":"https:\/\/geschichtswerkstatt-mergentheim.de\/index.php?rest_route=%2Fwp%2Fv2%2Fmedia&parent=128"}],"curies":[{"name":"wp","href":"https:\/\/api.w.org\/{rel}","templated":true}]}}