{"id":10,"date":"2021-04-17T21:50:59","date_gmt":"2021-04-17T19:50:59","guid":{"rendered":"http:\/\/geschichtswerkstatt.geeez.de\/?page_id=10"},"modified":"2025-09-14T09:24:04","modified_gmt":"2025-09-14T07:24:04","slug":"verein","status":"publish","type":"page","link":"https:\/\/geschichtswerkstatt-mergentheim.de\/","title":{"rendered":"Willkommen beim Verein &#8222;Geschichtswerkstatt Bad Mergentheim&#8220;"},"content":{"rendered":"\n<p id=\"wnd_TextBlock_903540_inner_1\">Die &#8222;Geschichtswerkstatt Bad Mergentheim&#8220; hat sich im Juli 2014 als Arbeitskreis gebildet, um die Forschungen zur Stadtgeschichte zu aktivieren und die Ergebnisse zu ver\u00f6ffentlichen. Druckkosten sind meist recht teuer, zumal mit einer etwas gr\u00f6\u00dferen Auflage und einem ansprechenden Gesamtbild. Aus diesem Grund haben sich die Mitglieder des Arbeitskreises am 28.10.2015 zum Verein &#8222;Geschichtswerkstatt Bad Mergentheim e.V.&#8220; zusammengeschlossen. Aus diesem Grund k\u00f6nnen wir in diesem Jahr unser 10-j\u00e4hriges Bestehen feiern. Durch unsere Publikationen konnten wir uns im kulturellen Leben der Stadt etablieren.<\/p>\n","protected":false},"excerpt":{"rendered":"<p>Die &#8222;Geschichtswerkstatt Bad Mergentheim&#8220; hat sich im Juli 2014 als Arbeitskreis gebildet, um die Forschungen zur Stadtgeschichte zu aktivieren und die Ergebnisse zu ver\u00f6ffentlichen. Druckkosten sind meist recht teuer, zumal mit einer etwas gr\u00f6\u00dferen Auflage und einem ansprechenden Gesamtbild. Aus<\/p>\n","protected":false},"author":1,"featured_media":0,"parent":0,"menu_order":0,"comment_status":"closed","ping_status":"closed","template":"","meta":[],"_links":{"self":[{"href":"https:\/\/geschichtswerkstatt-mergentheim.de\/index.php?rest_route=\/wp\/v2\/pages\/10"}],"collection":[{"href":"https:\/\/geschichtswerkstatt-mergentheim.de\/index.php?rest_route=\/wp\/v2\/pages"}],"about":[{"href":"https:\/\/geschichtswerkstatt-mergentheim.de\/index.php?rest_route=\/wp\/v2\/types\/page"}],"author":[{"embeddable":true,"href":"https:\/\/geschichtswerkstatt-mergentheim.de\/index.php?rest_route=\/wp\/v2\/users\/1"}],"replies":[{"embeddable":true,"href":"https:\/\/geschichtswerkstatt-mergentheim.de\/index.php?rest_route=%2Fwp%2Fv2%2Fcomments&post=10"}],"version-history":[{"count":7,"href":"https:\/\/geschichtswerkstatt-mergentheim.de\/index.php?rest_route=\/wp\/v2\/pages\/10\/revisions"}],"predecessor-version":[{"id":306,"href":"https:\/\/geschichtswerkstatt-mergentheim.de\/index.php?rest_route=\/wp\/v2\/pages\/10\/revisions\/306"}],"wp:attachment":[{"href":"https:\/\/geschichtswerkstatt-mergentheim.de\/index.php?rest_route=%2Fwp%2Fv2%2Fmedia&parent=10"}],"curies":[{"name":"wp","href":"https:\/\/api.w.org\/{rel}","templated":true}]}}